{"id":52,"date":"2026-01-29T21:18:18","date_gmt":"2026-01-29T20:18:18","guid":{"rendered":"https:\/\/wirbleiben.club-voltaire.de\/?page_id=52"},"modified":"2026-02-11T21:57:43","modified_gmt":"2026-02-11T20:57:43","slug":"ueber-uns","status":"publish","type":"page","link":"https:\/\/wirbleiben.club-voltaire.de\/?page_id=52","title":{"rendered":"Der Club bleibt!"},"content":{"rendered":"\n<p>Der Club Voltaire bekommt an seinem angestammten Sitz in der Kleinen Hochstr. in Frankfurt am Main keine Verl\u00e4ngerung des Mietvertrages mehr; die Eigent\u00fcmer wollen das Haus verkaufen. <\/p>\n\n\n\n<p>Jetzt k\u00e4mpfen wir daf\u00fcr, dass der Club bleibt. Die Stadt Frankfurt soll das Haus als g\u00fcnstige Kapitalanlage erwerben und uns weiter als Mieter behalten. Genau f\u00fcr solche F\u00e4lle h\u00e4lt die Stadt einen Liegenschaftsfonds vor, um Immobilien in den \u00f6ffentlichen Besitz zu \u00fcberf\u00fchren. Wir sind jahrzehntelang zuverl\u00e4ssige Mietzahler, so dass die Stadt f\u00fcr ihre Investition eine Verzinsung von 2,5 Prozent erwarten kann. Eine im Vergleich mit dem Anlagemarkt attraktive Rendite.<br><br>Falls dies nicht klappt, m\u00fcssen wir vorbereitet sein, das Haus zu kaufen. Doch niemand von uns hat die ben\u00f6tigten Millionen zur Verf\u00fcgung. Dazu brauchen wir private Kreditgeber, eine Gesch\u00e4ftsbank ist viel zu teuer. Diesen Kreditgebern k\u00f6nnen wir ebenfalls 2,5 Prozent Zinsen zahlen. Ein Modell, das \u00fcbrigens viele Mietsh\u00e4usersyndikate in der Bundesrepublik seit Jahren erfolgreich anwenden.<\/p>\n\n\n\n<p><strong>Wenn Du Dir vorstellen kannst, auf lange Sicht eine gr\u00f6\u00dfere Menge Geld zu einem Zins von 2,5 Prozent anzulegen, nimm bitte Kontakt mit uns auf. Das wird streng vertraulich behandelt.<\/strong><\/p>\n\n\n\n<p><strong>E-Mail-Adresse: <a href=\"mailto:kreditvergabe@club-voltaire.de\">kreditvergabe@club-voltaire.de<\/a> Telefon: +49 176 528 65 233<\/strong><\/p>\n\n\n\n<p><a href=\"https:\/\/wirbleiben.club-voltaire.de\/?p=141\"><strong>Unterschriften sammeln: mehr Infos hier<\/strong><\/a><\/p>\n\n\n\n<p><strong>Das aktuelle Flugblatt steht <a href=\"https:\/\/wirbleiben.club-voltaire.de\/wp-content\/uploads\/2026\/02\/2026-03-11_CV-Flugblatt.pdf\">hier zum Download <\/a>bereit<\/strong><\/p>\n\n\n\n<p>Der Club Voltaire war und ist seit fast 65 Jahren Ausgangspunkt f\u00fcr viele sich neu zusammenfindende gesellschaftspolitische Gruppen, die sich hier treffen und austauschen. So begannen einst die Gr\u00fcnen und sp\u00e4ter die Partei \u201cVOLT\u201d ihre Treffen im Club, die Klimaschutz-Initiative \u201cKOALA-Kollektiv\u201d startete hier mit ihrer Veranstaltungsreihe, ebenso die &#8222;St\u00e4dtefreundschaft Frankfurt-Kobane e.V.&#8220; oder die Baugenossenschaft &#8222;Fundament Bauen WohnenLeben eG&#8220;.<\/p>\n\n\n\n<p>In den Gruppenr\u00e4umen und in der Kneipe bietet der Club regelm\u00e4\u00dfig politische Veranstaltungen und ein attraktives Musikprogramm. Neben dem renommierten, monatlichen \u201eImprovisationsabend\u201c gibt es Konzerte und Discos unterschiedlicher Musikrichtungen, sowohl mit Nachwuchsk\u00fcnstler:innen als auch mit Szenegr\u00f6\u00dfen, ob aus Jazz, Latin oder Reggae, desgleichen Literaturlesungen und Kleinkunst. Hier starteten K\u00fcnstler wie das Frankfurter Duo \u201eThe Ohohohs\u201c ihre Karriere. Nicht zuletzt lockt das \u201eWirtshaussingen&#8220; regelm\u00e4\u00dfig ein breites Publikum an.&nbsp;<\/p>\n\n\n\n<p>Die Eintrittspreise sind niedrig, teilweise frei. K\u00fcnstler:innen finden an den W\u00e4nden der Kneipe die M\u00f6glichkeit, unkompliziert ihre Werke zu zeigen. Mit wichtigen Kulturtr\u00e4gern der Stadt (z. B. Jazz-Initiative Frankfurt, Titanic-Redaktion, KunstGesellschaft) besteht eine langj\u00e4hrige Zusammenarbeit.&nbsp;<\/p>\n\n\n\n<p>Die Kneipe des Clubs ist mit ihren moderaten Preisen und ihrer sehr speziellen Atmosph\u00e4re eine willkommene Alternative zu den \u201egehobenen\u201c Lokalit\u00e4ten rund um die Fressgass\u2019.<\/p>\n\n\n\n<p>Das Ganze ist mehr als die Summe seiner Teile. Deshalb besteht das Besondere des Clubs Voltaire in der Kombination all dessen: unverf\u00e4lschte Tradition, politische Information und Diskussion, Kultur, Freizeit, Gastronomie \u2013 und das alles in entspannter und weltoffener Atmosph\u00e4re mit historischer \u201ePatina\u201c.&nbsp;<\/p>\n\n\n\n<p>F\u00fcr die Stadt Frankfurt w\u00e4re die Schlie\u00dfung des Clubs Voltaire nicht nur der Verlust eines weiteren historischen Orts, sie w\u00fcrde eine Verarmung des st\u00e4dtischen Lebens mit sich bringen.<\/p>\n\n\n\n<h3 class=\"wp-block-heading\">Frankfurt ohne Club Voltaire?<br>Des gehd ned! Rettet den Club! <\/h3>\n\n\n\n<p><\/p>\n\n\n\n<p><strong>Spendenkonto:<\/strong><br>Verein Club Voltaire<br>IBAN: DE08 4306 0967 8023 8560 00<br>BIC: GENODEM1GLS<\/p>\n\n\n\n<p><a href=\"https:\/\/wirbleiben.club-voltaire.de\/?p=141\">Unterschriften sammeln: mehr Infos hier<\/a><\/p>\n\n\n\n<p><\/p>\n","protected":false},"excerpt":{"rendered":"<p>Der Club Voltaire bekommt an seinem angestammten Sitz in der Kleinen Hochstr. in Frankfurt am Main keine Verl\u00e4ngerung des Mietvertrages mehr; die Eigent\u00fcmer wollen das Haus verkaufen. Jetzt k\u00e4mpfen wir daf\u00fcr, dass der Club bleibt. <\/p>\n","protected":false},"author":5,"featured_media":181,"parent":0,"menu_order":0,"comment_status":"closed","ping_status":"closed","template":"","meta":{"_acf_changed":false,"footnotes":""},"class_list":["post-52","page","type-page","status-publish","has-post-thumbnail","hentry"],"acf":[],"_links":{"self":[{"href":"https:\/\/wirbleiben.club-voltaire.de\/index.php?rest_route=\/wp\/v2\/pages\/52","targetHints":{"allow":["GET"]}}],"collection":[{"href":"https:\/\/wirbleiben.club-voltaire.de\/index.php?rest_route=\/wp\/v2\/pages"}],"about":[{"href":"https:\/\/wirbleiben.club-voltaire.de\/index.php?rest_route=\/wp\/v2\/types\/page"}],"author":[{"embeddable":true,"href":"https:\/\/wirbleiben.club-voltaire.de\/index.php?rest_route=\/wp\/v2\/users\/5"}],"replies":[{"embeddable":true,"href":"https:\/\/wirbleiben.club-voltaire.de\/index.php?rest_route=%2Fwp%2Fv2%2Fcomments&post=52"}],"version-history":[{"count":19,"href":"https:\/\/wirbleiben.club-voltaire.de\/index.php?rest_route=\/wp\/v2\/pages\/52\/revisions"}],"predecessor-version":[{"id":188,"href":"https:\/\/wirbleiben.club-voltaire.de\/index.php?rest_route=\/wp\/v2\/pages\/52\/revisions\/188"}],"wp:featuredmedia":[{"embeddable":true,"href":"https:\/\/wirbleiben.club-voltaire.de\/index.php?rest_route=\/wp\/v2\/media\/181"}],"wp:attachment":[{"href":"https:\/\/wirbleiben.club-voltaire.de\/index.php?rest_route=%2Fwp%2Fv2%2Fmedia&parent=52"}],"curies":[{"name":"wp","href":"https:\/\/api.w.org\/{rel}","templated":true}]}}