{"id":150,"date":"2026-02-02T18:52:42","date_gmt":"2026-02-02T17:52:42","guid":{"rendered":"https:\/\/wirbleiben.club-voltaire.de\/?page_id=150"},"modified":"2026-02-02T18:52:42","modified_gmt":"2026-02-02T17:52:42","slug":"spenden","status":"publish","type":"page","link":"https:\/\/wirbleiben.club-voltaire.de\/?page_id=150","title":{"rendered":"Spenden"},"content":{"rendered":"\n<p>Energiepreise und Preissteigerungen machen auch uns zu schaffen. Zudem ist die Miete f\u00fcr unser Haus an die Teuerungsrate gebunden, d. h. sie steigt. Die st\u00e4dtischen Zusch\u00fcsse haben sich seit vielen Jahren kaum erh\u00f6ht. Wie die Kulturpolitik nach der Kommunalwahl aussieht, ist nicht absehbar. Deshalb brauchen wir weiterhin finanzielle Hilfe. Und deshalb wenden wir uns an Sie\/an Euch, mit der Bitte um Unterst\u00fctzung durch eine \u00dcberweisung (idealerweise als Dauerauftrag) auf das unten stehende Konto. Die Spenden sind bei der Steuererkl\u00e4rung abzugsf\u00e4hig.<\/p>\n\n\n\n<p><strong>Spendenkonto:<\/strong><br>Verein Club Voltaire<br>IBAN: DE08 4306 0967 8023 8560 00<br>BIC: GENODEM1GLS<\/p>\n","protected":false},"excerpt":{"rendered":"<p>Energiepreise und Preissteigerungen machen auch uns zu schaffen. Zudem ist die Miete f\u00fcr unser Haus an die Teuerungsrate gebunden, d. h. sie steigt. Die st\u00e4dtischen Zusch\u00fcsse haben sich seit vielen Jahren kaum erh\u00f6ht. Wie die Kulturpolitik nach der Kommunalwahl aussieht, ist nicht absehbar. Deshalb brauchen wir weiterhin finanzielle Hilfe. Und deshalb wenden wir uns an [&hellip;]<\/p>\n","protected":false},"author":4,"featured_media":0,"parent":0,"menu_order":0,"comment_status":"closed","ping_status":"closed","template":"","meta":{"_acf_changed":false,"footnotes":""},"class_list":["post-150","page","type-page","status-publish","hentry"],"acf":[],"_links":{"self":[{"href":"https:\/\/wirbleiben.club-voltaire.de\/index.php?rest_route=\/wp\/v2\/pages\/150","targetHints":{"allow":["GET"]}}],"collection":[{"href":"https:\/\/wirbleiben.club-voltaire.de\/index.php?rest_route=\/wp\/v2\/pages"}],"about":[{"href":"https:\/\/wirbleiben.club-voltaire.de\/index.php?rest_route=\/wp\/v2\/types\/page"}],"author":[{"embeddable":true,"href":"https:\/\/wirbleiben.club-voltaire.de\/index.php?rest_route=\/wp\/v2\/users\/4"}],"replies":[{"embeddable":true,"href":"https:\/\/wirbleiben.club-voltaire.de\/index.php?rest_route=%2Fwp%2Fv2%2Fcomments&post=150"}],"version-history":[{"count":1,"href":"https:\/\/wirbleiben.club-voltaire.de\/index.php?rest_route=\/wp\/v2\/pages\/150\/revisions"}],"predecessor-version":[{"id":151,"href":"https:\/\/wirbleiben.club-voltaire.de\/index.php?rest_route=\/wp\/v2\/pages\/150\/revisions\/151"}],"wp:attachment":[{"href":"https:\/\/wirbleiben.club-voltaire.de\/index.php?rest_route=%2Fwp%2Fv2%2Fmedia&parent=150"}],"curies":[{"name":"wp","href":"https:\/\/api.w.org\/{rel}","templated":true}]}}