{"id":123,"date":"2026-01-31T00:05:49","date_gmt":"2026-01-30T23:05:49","guid":{"rendered":"https:\/\/wirbleiben.club-voltaire.de\/?page_id=123"},"modified":"2026-03-09T00:35:52","modified_gmt":"2026-03-08T23:35:52","slug":"pressestimmen","status":"publish","type":"page","link":"https:\/\/wirbleiben.club-voltaire.de\/?page_id=123","title":{"rendered":"Pressestimmen"},"content":{"rendered":"\n<p>Der Club in der Presse<\/p>\n\n\n\n<h3 class=\"wp-block-heading\">Video: Traditionsreicher Club Voltaire vor dem Aus<\/h3>\n\n\n\n<p>Bericht in der &#8222;<a href=\"https:\/\/www.hessenschau.de\/tv-sendung\/traditionsreicher-club-voltaire-in-frankfurt-vor-dem-aus,container-beitrag-38660.html\" data-type=\"link\" data-id=\"https:\/\/www.hessenschau.de\/tv-sendung\/traditionsreicher-club-voltaire-in-frankfurt-vor-dem-aus,container-beitrag-38660.html\">Hessenschau<\/a>&#8220; des Hessischen Rundfunks (05.03.2026).<\/p>\n\n\n\n<p><\/p>\n\n\n\n<h3 class=\"wp-block-heading\">Mehr Geld f\u00fcr den Club Voltaire<\/h3>\n\n\n\n<p>Seit mehr als 60 Jahren wird im Club Voltaire \u00fcber linke Politik debattiert. Jetzt soll das Aus f\u00fcr die Veranstaltungskneipe verhindert werden.<\/p>\n\n\n\n<p>04.03.2026, <a href=\"https:\/\/www.faz.net\/aktuell\/rhein-main\/frankfurt\/frankfurt-will-linken-club-voltaire-retten-200597274.html\">FAZ<\/a><\/p>\n\n\n\n<p><\/p>\n\n\n\n<h3 class=\"wp-block-heading\">Wo sich das vernunftgesteuerte Rebellentum trifft<\/h3>\n\n\n\n<p>Fast am Opernplatz geht von der Fressgass\u2019 die Kleine Hochstra\u00dfe ab. Nicht mal einen Steinwurf vom Luxus entfernt, quetscht sich dort ein schmales, altes Haus zwischen die neueren Fassaden: der Club Voltaire. Die linke Frankfurter Institution ist akut bedroht.<\/p>\n\n\n\n<p>Von Stephan Hebel, 25.02.2026, <a href=\"https:\/\/www.journal-frankfurt.de\/journal_news\/kultur-161\/Club-Voltaire-Frankfurt-Wo-sich-das-vernunftgesteuerte-Rebellentum-trifft-45260.html\" data-type=\"link\" data-id=\"https:\/\/www.journal-frankfurt.de\/journal_news\/kultur-161\/Club-Voltaire-Frankfurt-Wo-sich-das-vernunftgesteuerte-Rebellentum-trifft-45260.html\">Journal Frankfurt<\/a><\/p>\n\n\n\n<p><\/p>\n\n\n\n<h3 class=\"wp-block-heading\">Was macht den Club historisch so einzigartig?<\/h3>\n\n\n\n<p>Der von der Schlie\u00dfung bedrohte Club Voltaire ist ein Stachel im Hintern der Finanzwelt, sagt Lothar Reininger <\/p>\n\n\n\n<p>Interview: Gitta D\u00fcperthal. 23.02.2026, <a href=\"https:\/\/www.jungewelt.de\/artikel\/517867.club-voltaire-bedroht-was-macht-den-club-historisch-so-einzigartig.html\">junge Welt<\/a><\/p>\n\n\n\n<p><\/p>\n\n\n\n<h3 class=\"wp-block-heading\" id=\"id-Headline\">Eilantrag f\u00fcr Erhalt des Clubs Voltaire in Frankfurt<\/h3>\n\n\n\n<p>Die Linke im R\u00f6mer will die Stadt auffordern, einen m\u00f6glichen Abriss des Hauses zu verhindern, das der Club Voltaire nutzt. Auch Stadtrat Gwechenberger wirbt f\u00fcr einen Erhalt. Und nennt auch bauliche Gr\u00fcnde.<\/p>\n\n\n\n<p>Von: <a href=\"https:\/\/www.fr.de\/autor\/christoph-manus-0xs7d2xk5.html\">Christoph Manus<\/a>,19.02.2026, <a href=\"https:\/\/www.fr.de\/frankfurt\/eilantrag-fuer-erhalt-des-clubs-voltaire-in-frankfurt-94178237.html-vor-dem-aus-frankfurt-soll-millionen-94136886.html\">Frankfurter Rundschau<\/a><\/p>\n\n\n\n<p><\/p>\n\n\n\n<h3 class=\"wp-block-heading\">Audio: Ende eines Biotops? Frankfurter Club Voltaire vor dem Aus<\/h3>\n\n\n\n<p>Von Lischka, Gregor | 18. Februar 2026, <a href=\"https:\/\/www.deutschlandfunkkultur.de\/ende-eines-biotops-frankfurter-club-voltaire-vor-dem-aus-102.html\">Deutschlandfunk Kultur &#8222;Studio 9&#8220;<\/a><\/p>\n\n\n\n<p><\/p>\n\n\n\n<h3 class=\"wp-block-heading\">Audio: Club Voltaire in Frankfurt k\u00e4mpft ums \u00dcberleben<\/h3>\n\n\n\n<p>Der Ort wirkt ein wenig aus der Zeit gefallen. Zwischen Bankent\u00fcrmen und Edelboutiquen, zwischen B\u00f6rse und Alter Oper, liegt ein kleines Biotop der Linken. Jetzt steht der traditionsreiche Club Voltaire vor dem Aus. \u00dcber eine m\u00f6gliche Rettung durch die Stadt wird kontrovers diskutiert. <\/p>\n\n\n\n<p>Von Christoph Scheffer, 06.02.26, <a href=\"https:\/\/www.hessenschau.de\/kultur\/club-voltaire-in-frankfurt-steht-die-traditionsreiche-kneipe-vor-dem-aus--v1,club-voltaire-104.html\">hessenschau.de<\/a><\/p>\n\n\n\n<p><\/p>\n\n\n\n<h3 class=\"wp-block-heading\">R\u00f6merfraktionen uneins \u00fcber Immobilienkauf<\/h3>\n\n\n\n<p>SPD, Gr\u00fcne und Linke im Frankfurter R\u00f6mer m\u00f6chten den Club Voltaire in seinem aktuellen Geb\u00e4ude erhalten und dieses m\u00f6glicherweise durch die Stadt kaufen. CDU und FDP kritisieren das Vorhaben.<\/p>\n\n\n\n<p>Von Florian Aupor \/ 27.01.2026, <a href=\"https:\/\/www.journal-frankfurt.de\/journal_news\/politik-10\/Club-Voltaire-Roemerfraktionen-uneins-ueber-Immobilienkauf-45139.html\">Journal Frankfurt<\/a><\/p>\n\n\n\n<p><\/p>\n\n\n\n<h3 class=\"wp-block-heading\">Club Voltaire bedroht: Retter gesucht<\/h3>\n\n\n\n<p>Frankfurt am Main: Dem Club Voltaire droht das Aus. Die Aktiven wollen das nicht hinnehmen <\/p>\n\n\n\n<p>Von Gert Hautsch, Frankfurt, 26.01.2026, <a href=\"https:\/\/www.jungewelt.de\/artikel\/516268.club-voltaire-bedroht-retter-gesucht.html\">Junge Welt<\/a><\/p>\n\n\n\n<p><\/p>\n\n\n\n<h3 class=\"wp-block-heading\" id=\"id-Headline\">Club vor dem Aus: Frankfurt soll Millionen f\u00fcr Kauf ausgeben \u2013 CDU reagiert fassungslos<\/h3>\n\n\n\n<p>Im Frankfurter R\u00f6mer gibt es viel Bereitschaft, dem Club Voltaire zu helfen. Gr\u00fcne und Linke unterst\u00fctzen den Vorschlag, dass die Stadt das von ihm genutzte Haus kauft. Die CDU nennt die Idee dagegen absurd.<\/p>\n\n\n\n<p>Von: <a href=\"https:\/\/www.fr.de\/autor\/christoph-manus-0xs7d2xk5.html\">Christoph Manus<\/a>, 25.01.2026, <a href=\"https:\/\/www.fr.de\/frankfurt\/fuer-kauf-ausgeben-club-vor-dem-aus-frankfurt-soll-millionen-94136886.html\">Frankfurter Rundschau<\/a><\/p>\n\n\n\n<p><\/p>\n\n\n\n<h3 class=\"wp-block-heading\">Parteien k\u00e4mpfen f\u00fcr Rettung Kultclub droht Aus nach \u00fcber 60 Jahren: &#8222;Darf nicht sterben&#8220;<\/h3>\n\n\n\n<p>in Frankfurter Kultclub steht nach mehr als sechs Jahrzehnten vor dem Ende. W\u00e4hrend SPD, Gr\u00fcne und Linke f\u00fcr die Rettung k\u00e4mpfen, schie\u00dft die CDU dagegen.<\/p>\n\n\n\n<p>Von t-online, <a href=\"https:\/\/www.t-online.de\/author\/id_100202238\/sven-sartison.html\">son<\/a>, 25.01.2026, <a href=\"https:\/\/frankfurt.t-online.de\/region\/frankfurt-am-main\/id_101098888\/frankfurt-club-voltaire-droht-das-aus-nach-ueber-60-jahren-.html\">frankfurt.t-online.de<\/a><\/p>\n\n\n\n<p><\/p>\n\n\n\n<h3 class=\"wp-block-heading\">Club Voltaire: So viel Widerstand wie m\u00f6glich<\/h3>\n\n\n\n<p>Hier wurde linke Geschichte geschrieben: Der Club Voltaire in Frankfurt am Main k\u00e4mpft nach 63 Jahren gegen seine Schlie\u00dfung<\/p>\n\n\n\n<p>Von Claus-J\u00fcrgen G\u00f6pfert, 23.01.2026, <a href=\"https:\/\/www.nd-aktuell.de\/artikel\/1197074.clubsterben-club-voltaire-so-viel-widerstand-wie-moeglich.html\">Neues Deutschland<\/a><\/p>\n\n\n\n<p><\/p>\n\n\n\n<h3 class=\"wp-block-heading\" id=\"id-Headline\">Den Club retten<\/h3>\n\n\n\n<p>Die Stadt Frankfurt sollte \u00fcber einen Kauf des Hauses nachdenken, das der Club Voltaire als linken Treffpunkt etabliert hat. Denn in der durchkommerzialisierten City gibt es zu wenige Orte diesen. Ein Kommentar.<\/p>\n\n\n\n<p>Von: <a href=\"https:\/\/www.fr.de\/autor\/christoph-manus-0xs7d2xk5.html\">Christoph Manus<\/a>, Stand: 22.01.2026, <a href=\"https:\/\/www.fr.de\/frankfurt\/den-club-retten-94135275.html\">Frankfurter Rundschau<\/a><\/p>\n\n\n\n<p><\/p>\n\n\n\n<h3 class=\"wp-block-heading\" id=\"id-Headline\">Exklusiv: Dem Club Voltaire droht das Aus \u2013 Stadt \u00e4u\u00dfert sich zu m\u00f6glichem Kauf<\/h3>\n\n\n\n<p>Der bekannteste linke Treffpunkt in Frankfurt steht vor einer ungewissen Zukunft. Das vom Club Voltaire genutzte Haus in der Innenstadt soll verkauft werden. Hoffnungen ruhen nun auf der Stadt.<\/p>\n\n\n\n<p>Von <a href=\"https:\/\/www.fr.de\/autor\/christoph-manus-0xs7d2xk5.html\">Christoph Manus<\/a>, 22.01.2026, <a href=\"https:\/\/www.fr.de\/frankfurt\/dem-club-voltaire-droht-das-aus-frankfurt-94135027.html\">Frankfurter Rundschau<\/a><\/p>\n\n\n\n<p><\/p>\n\n\n\n<h3 class=\"wp-block-heading\">Biotop der Linken in Gefahr<\/h3>\n\n\n\n<p>Seit mehr als sechs Jahrzehnten bietet der Club Voltaire in Frankfurt allen ein Forum, die sich als antifaschistisch und progressiv verstehen. Doch nun soll das Haus, in dem er residiert, verkauft werden.<\/p>\n\n\n\n<p>Von Hans Riebsamen, 22.01.2026, <a href=\"https:\/\/www.faz.net\/aktuell\/rhein-main\/frankfurt\/frankfurt-club-voltaire-droht-das-aus-200463483.html\">FAZ<\/a><\/p>\n\n\n\n<p><\/p>\n\n\n\n<p><\/p>\n\n\n\n<h3 class=\"wp-block-heading\">Frankfurter Club Voltaire f\u00fcrchtet Aus<\/h3>\n\n\n\n<p>Mit drastischen Worten richtet sich Club Voltaire an die \u00d6ffentlichkeit. Da der Mietvertrag nicht verl\u00e4ngert wird, steht der 1962 gegr\u00fcndete Treff nach Meinung des Clubs vor dem endg\u00fcltigen Aus.<\/p>\n\n\n\n<p>Jannis Seelbach \/ 22. Januar 2026, <a href=\"https:\/\/www.journal-frankfurt.de\/journal_news\/Stadtleben-2\/Kultureller-Treffpunkt-Frankfurter-Club-Voltaire-fuerchtet-Aus-45120.html\">Journal Frankfurt<\/a><\/p>\n\n\n\n<p><\/p>\n","protected":false},"excerpt":{"rendered":"<p>Der Club in der Presse Video: Traditionsreicher Club Voltaire vor dem Aus Bericht in der &#8222;Hessenschau&#8220; des Hessischen Rundfunks (05.03.2026). Mehr Geld f\u00fcr den Club Voltaire Seit mehr als 60 Jahren wird im Club Voltaire \u00fcber linke Politik debattiert. Jetzt soll das Aus f\u00fcr die Veranstaltungskneipe verhindert werden. 04.03.2026, FAZ Wo sich das vernunftgesteuerte Rebellentum [&hellip;]<\/p>\n","protected":false},"author":4,"featured_media":0,"parent":0,"menu_order":0,"comment_status":"closed","ping_status":"closed","template":"","meta":{"_acf_changed":false,"footnotes":""},"class_list":["post-123","page","type-page","status-publish","hentry"],"acf":[],"_links":{"self":[{"href":"https:\/\/wirbleiben.club-voltaire.de\/index.php?rest_route=\/wp\/v2\/pages\/123","targetHints":{"allow":["GET"]}}],"collection":[{"href":"https:\/\/wirbleiben.club-voltaire.de\/index.php?rest_route=\/wp\/v2\/pages"}],"about":[{"href":"https:\/\/wirbleiben.club-voltaire.de\/index.php?rest_route=\/wp\/v2\/types\/page"}],"author":[{"embeddable":true,"href":"https:\/\/wirbleiben.club-voltaire.de\/index.php?rest_route=\/wp\/v2\/users\/4"}],"replies":[{"embeddable":true,"href":"https:\/\/wirbleiben.club-voltaire.de\/index.php?rest_route=%2Fwp%2Fv2%2Fcomments&post=123"}],"version-history":[{"count":12,"href":"https:\/\/wirbleiben.club-voltaire.de\/index.php?rest_route=\/wp\/v2\/pages\/123\/revisions"}],"predecessor-version":[{"id":210,"href":"https:\/\/wirbleiben.club-voltaire.de\/index.php?rest_route=\/wp\/v2\/pages\/123\/revisions\/210"}],"wp:attachment":[{"href":"https:\/\/wirbleiben.club-voltaire.de\/index.php?rest_route=%2Fwp%2Fv2%2Fmedia&parent=123"}],"curies":[{"name":"wp","href":"https:\/\/api.w.org\/{rel}","templated":true}]}}