{"id":118,"date":"2026-01-30T23:58:19","date_gmt":"2026-01-30T22:58:19","guid":{"rendered":"https:\/\/wirbleiben.club-voltaire.de\/?page_id=118"},"modified":"2026-01-30T23:58:19","modified_gmt":"2026-01-30T22:58:19","slug":"wie-funktioniert-der-club","status":"publish","type":"page","link":"https:\/\/wirbleiben.club-voltaire.de\/?page_id=118","title":{"rendered":"Wie funktioniert der Club?"},"content":{"rendered":"\n<p>Der Club Voltaire wird von einem gemeinn\u00fctzigen Verein (\u201e<a href=\"https:\/\/www.club-voltaire.de\">Club Voltaire e. V.<\/a>\u201c) getragen. Dieser hat einen <strong>Vorstand<\/strong>, der sich einmal im Monat trifft. F\u00fcr Entscheidungen in operativen und eiligen Dingen gibt es einen dreik\u00f6pfigen gesch\u00e4ftsf\u00fchrenden Vorstand. Der k\u00fcmmert sich auch um die Finanzen und die Rechnungslegung. Zweimal im Jahr findet eine Mitgliederversammlung statt, auf der u. a. allj\u00e4hrlich der Vorstand gew\u00e4hlt wird.<\/p>\n\n\n\n<p>F\u00fcr die Vorbereitung und praktische Umsetzung der Veranstaltungen ist die <strong>Programmgruppe<\/strong> zust\u00e4ndig. Sie trifft sich monatlich und legt fest, was wann und wie stattfinden soll.<\/p>\n\n\n\n<p>F\u00fcr die <strong>Musikveranstaltungen<\/strong> (Konzerte, Improvisationsabende, Discos, Wirtshaussingen u. a.) gibt es eigene Organisationsteams.<\/p>\n\n\n\n<p>Die Verwaltungsarbeit wird im <strong>B\u00fcro <\/strong>des Clubs erledigt und erfolgt im Rahmen von Anstellungsverh\u00e4ltnissen. Alle anderen T\u00e4tigkeiten (Vorstand, Programmgruppe, Musik) werden ehrenamtlich geleistet.<\/p>\n\n\n\n<p>Der Club Voltaire finanziert sich aus Zusch\u00fcssen der Stadt Frankfurt (Kultur- und Jugendamt), Spenden, Mieteinnahmen und Eintrittsgeldern.<\/p>\n\n\n\n<p>Die <strong>Kneipe<\/strong> wird vom Verein betrieben. Sie ist aber ein wirtschaftlich eigenst\u00e4ndiger Betrieb, das operative Gesch\u00e4ft liegt in den H\u00e4nden des Teams.<\/p>\n","protected":false},"excerpt":{"rendered":"<p>Der Club Voltaire wird von einem gemeinn\u00fctzigen Verein (\u201eClub Voltaire e. V.\u201c) getragen. Dieser hat einen Vorstand, der sich einmal im Monat trifft. F\u00fcr Entscheidungen in operativen und eiligen Dingen gibt es einen dreik\u00f6pfigen gesch\u00e4ftsf\u00fchrenden Vorstand. Der k\u00fcmmert sich auch um die Finanzen und die Rechnungslegung. Zweimal im Jahr findet eine Mitgliederversammlung statt, auf der [&hellip;]<\/p>\n","protected":false},"author":4,"featured_media":0,"parent":0,"menu_order":0,"comment_status":"closed","ping_status":"closed","template":"","meta":{"_acf_changed":false,"footnotes":""},"class_list":["post-118","page","type-page","status-publish","hentry"],"acf":[],"_links":{"self":[{"href":"https:\/\/wirbleiben.club-voltaire.de\/index.php?rest_route=\/wp\/v2\/pages\/118","targetHints":{"allow":["GET"]}}],"collection":[{"href":"https:\/\/wirbleiben.club-voltaire.de\/index.php?rest_route=\/wp\/v2\/pages"}],"about":[{"href":"https:\/\/wirbleiben.club-voltaire.de\/index.php?rest_route=\/wp\/v2\/types\/page"}],"author":[{"embeddable":true,"href":"https:\/\/wirbleiben.club-voltaire.de\/index.php?rest_route=\/wp\/v2\/users\/4"}],"replies":[{"embeddable":true,"href":"https:\/\/wirbleiben.club-voltaire.de\/index.php?rest_route=%2Fwp%2Fv2%2Fcomments&post=118"}],"version-history":[{"count":2,"href":"https:\/\/wirbleiben.club-voltaire.de\/index.php?rest_route=\/wp\/v2\/pages\/118\/revisions"}],"predecessor-version":[{"id":191,"href":"https:\/\/wirbleiben.club-voltaire.de\/index.php?rest_route=\/wp\/v2\/pages\/118\/revisions\/191"}],"wp:attachment":[{"href":"https:\/\/wirbleiben.club-voltaire.de\/index.php?rest_route=%2Fwp%2Fv2%2Fmedia&parent=118"}],"curies":[{"name":"wp","href":"https:\/\/api.w.org\/{rel}","templated":true}]}}